{"id":593,"date":"2018-10-14T11:51:18","date_gmt":"2018-10-14T09:51:18","guid":{"rendered":"https:\/\/web.euromedex.com\/pharmaceutical-export-development\/"},"modified":"2019-01-30T17:54:19","modified_gmt":"2019-01-30T16:54:19","slug":"pharmaceutical-export-development","status":"publish","type":"page","link":"https:\/\/web.euromedex.com\/de\/pharmaceutical-export-development\/","title":{"rendered":"PHARMACEUTICAL EXPORT DEVELOPMENT"},"content":{"rendered":"\t\t<div data-elementor-type=\"wp-post\" data-elementor-id=\"593\" class=\"elementor elementor-593 elementor-bc-flex-widget\" data-elementor-post-type=\"page\">\n\t\t\t\t\t\t<section class=\"elementor-section elementor-top-section elementor-element elementor-element-55868071 elementor-section-full_width elementor-section-height-default elementor-section-height-default\" data-id=\"55868071\" data-element_type=\"section\" data-e-type=\"section\" data-settings=\"{&quot;background_background&quot;:&quot;classic&quot;,&quot;sticky&quot;:&quot;top&quot;,&quot;sticky_on&quot;:[&quot;desktop&quot;,&quot;tablet&quot;,&quot;mobile&quot;],&quot;sticky_offset&quot;:0,&quot;sticky_effects_offset&quot;:0,&quot;sticky_anchor_link_offset&quot;:0}\">\n\t\t\t\t\t\t<div class=\"elementor-container elementor-column-gap-default\">\n\t\t\t\t\t<div class=\"elementor-column elementor-col-25 elementor-top-column elementor-element elementor-element-1c040e49\" data-id=\"1c040e49\" data-element_type=\"column\" data-e-type=\"column\">\n\t\t\t<div class=\"elementor-widget-wrap elementor-element-populated\">\n\t\t\t\t\t\t<div class=\"elementor-element elementor-element-2e71ed4d elementor-widget elementor-widget-image\" data-id=\"2e71ed4d\" data-element_type=\"widget\" data-e-type=\"widget\" data-widget_type=\"image.default\">\n\t\t\t\t<div class=\"elementor-widget-container\">\n\t\t\t\t\t\t\t\t\t\t\t\t\t\t\t<img decoding=\"async\" width=\"182\" height=\"45\" src=\"https:\/\/web.euromedex.com\/wp-content\/uploads\/2018\/06\/logo_euromedex.png\" class=\"attachment-full size-full wp-image-17\" alt=\"\" sizes=\"100vw\" \/>\t\t\t\t\t\t\t\t\t\t\t\t\t\t\t<\/div>\n\t\t\t\t<\/div>\n\t\t\t\t\t<\/div>\n\t\t<\/div>\n\t\t\t\t<div class=\"elementor-column elementor-col-50 elementor-top-column elementor-element elementor-element-29dd0905\" data-id=\"29dd0905\" data-element_type=\"column\" data-e-type=\"column\">\n\t\t\t<div class=\"elementor-widget-wrap elementor-element-populated\">\n\t\t\t\t\t\t<div class=\"elementor-element elementor-element-5f0f4eb7 elementor-nav-menu--dropdown-tablet elementor-nav-menu__text-align-aside elementor-nav-menu--toggle elementor-nav-menu--burger elementor-widget elementor-widget-nav-menu\" data-id=\"5f0f4eb7\" data-element_type=\"widget\" data-e-type=\"widget\" data-settings=\"{&quot;layout&quot;:&quot;horizontal&quot;,&quot;submenu_icon&quot;:{&quot;value&quot;:&quot;&lt;i class=\\&quot;fas fa-caret-down\\&quot; aria-hidden=\\&quot;true\\&quot;&gt;&lt;\\\/i&gt;&quot;,&quot;library&quot;:&quot;fa-solid&quot;},&quot;toggle&quot;:&quot;burger&quot;}\" data-widget_type=\"nav-menu.default\">\n\t\t\t\t<div class=\"elementor-widget-container\">\n\t\t\t\t\t\t\t\t<nav aria-label=\"Men\u00fc\" class=\"elementor-nav-menu--main elementor-nav-menu__container elementor-nav-menu--layout-horizontal e--pointer-underline e--animation-fade\">\n\t\t\t\t<ul id=\"menu-1-5f0f4eb7\" class=\"elementor-nav-menu\"><li class=\"menu-item menu-item-type-custom menu-item-object-custom menu-item-460\"><a href=\"https:\/\/web.euromedex.com\/de\/\" class=\"elementor-item\">HOME<\/a><\/li>\n<li class=\"menu-item menu-item-type-custom menu-item-object-custom menu-item-509\"><a href=\"https:\/\/web.euromedex.com\/de\/uber-uns\/\" class=\"elementor-item\">\u00dcBER UNS<\/a><\/li>\n<li class=\"menu-item menu-item-type-custom menu-item-object-custom menu-item-has-children menu-item-510\"><a class=\"elementor-item\">LEISTUNGEN<\/a>\n<ul class=\"sub-menu elementor-nav-menu--dropdown\">\n\t<li class=\"menu-item menu-item-type-custom menu-item-object-custom menu-item-511\"><a href=\"https:\/\/web.euromedex.com\/de\/international-pharmaceutical-wholesaler\/\" class=\"elementor-sub-item\">INTERNATIONAL PHARMACEUTICAL WHOLESALER<\/a><\/li>\n\t<li class=\"menu-item menu-item-type-custom menu-item-object-custom menu-item-512\"><a href=\"https:\/\/web.euromedex.com\/de\/pharmaceutical-export-development\/\" class=\"elementor-sub-item\">PHARMACEUTICAL EXPORT DEVELOPMENT<\/a><\/li>\n\t<li class=\"menu-item menu-item-type-custom menu-item-object-custom menu-item-513\"><a href=\"https:\/\/web.euromedex.com\/de\/pharmacovigilance\/\" class=\"elementor-sub-item\">PHARMACOVIGILANCE<\/a><\/li>\n\t<li class=\"menu-item menu-item-type-custom menu-item-object-custom menu-item-514\"><a href=\"https:\/\/web.euromedex.com\/de\/clinical-trial-logistic\/\" class=\"elementor-sub-item\">CLINICAL TRIALS LOGISTIC<\/a><\/li>\n\t<li class=\"menu-item menu-item-type-custom menu-item-object-custom menu-item-515\"><a href=\"https:\/\/web.euromedex.com\/de\/life-science-products\/\" class=\"elementor-sub-item\">LIFE SCIENCE PRODUCTS<\/a><\/li>\n<\/ul>\n<\/li>\n<li class=\"menu-item menu-item-type-custom menu-item-object-custom menu-item-550\"><a href=\"https:\/\/web.euromedex.com\/de\/nachrichten\/\" class=\"elementor-item\">NEWS<\/a><\/li>\n<li class=\"menu-item menu-item-type-custom menu-item-object-custom menu-item-516\"><a href=\"https:\/\/web.euromedex.com\/de\/kontakt\/\" class=\"elementor-item\">KONTAKT<\/a><\/li>\n<li class=\"menu-item menu-item-type-custom menu-item-object-custom menu-item-has-children menu-item-517\"><a class=\"elementor-item\">e-SHOP<\/a>\n<ul class=\"sub-menu elementor-nav-menu--dropdown\">\n\t<li class=\"menu-item menu-item-type-custom menu-item-object-custom menu-item-518\"><a href=\"http:\/\/shop-euromedex.com\" class=\"elementor-sub-item\">ARZNEIMITTEL UND GESUNDHEITSPRODUKTE<\/a><\/li>\n\t<li class=\"menu-item menu-item-type-custom menu-item-object-custom menu-item-519\"><a href=\"https:\/\/shopresearch.euromedex.com\/\" class=\"elementor-sub-item\">FORSCHUNGSPRODUKTE<\/a><\/li>\n<\/ul>\n<\/li>\n<li class=\"menu-item wpml-ls-slot-2 wpml-ls-item wpml-ls-item-de wpml-ls-current-language wpml-ls-menu-item wpml-ls-last-item menu-item-type-wpml_ls_menu_item menu-item-object-wpml_ls_menu_item menu-item-has-children menu-item-wpml-ls-2-de\"><a href=\"https:\/\/web.euromedex.com\/de\/\" class=\"elementor-item\"><img decoding=\"async\" class=\"wpml-ls-flag\" src=\"https:\/\/web.euromedex.com\/wp-content\/plugins\/sitepress-multilingual-cms\/res\/flags\/de.png\" alt=\"de\" title=\"Deutsch\"><\/a>\n<ul class=\"sub-menu elementor-nav-menu--dropdown\">\n\t<li class=\"menu-item wpml-ls-slot-2 wpml-ls-item wpml-ls-item-fr wpml-ls-menu-item wpml-ls-first-item menu-item-type-wpml_ls_menu_item menu-item-object-wpml_ls_menu_item menu-item-wpml-ls-2-fr\"><a href=\"https:\/\/web.euromedex.com\" class=\"elementor-sub-item\"><img decoding=\"async\" class=\"wpml-ls-flag\" src=\"https:\/\/web.euromedex.com\/wp-content\/plugins\/sitepress-multilingual-cms\/res\/flags\/fr.png\" alt=\"fr\" title=\"Fran\u00e7ais\"><\/a><\/li>\n\t<li class=\"menu-item wpml-ls-slot-2 wpml-ls-item wpml-ls-item-en wpml-ls-menu-item menu-item-type-wpml_ls_menu_item menu-item-object-wpml_ls_menu_item menu-item-wpml-ls-2-en\"><a href=\"https:\/\/web.euromedex.com\/en\/\" class=\"elementor-sub-item\"><img decoding=\"async\" class=\"wpml-ls-flag\" src=\"https:\/\/web.euromedex.com\/wp-content\/plugins\/sitepress-multilingual-cms\/res\/flags\/en.png\" alt=\"en\" title=\"English\"><\/a><\/li>\n<\/ul>\n<\/li>\n<\/ul>\t\t\t<\/nav>\n\t\t\t\t\t<div class=\"elementor-menu-toggle\" role=\"button\" tabindex=\"0\" aria-label=\"Men\u00fc Umschalter\" aria-expanded=\"false\">\n\t\t\t<i aria-hidden=\"true\" role=\"presentation\" class=\"elementor-menu-toggle__icon--open eicon-menu-bar\"><\/i><i aria-hidden=\"true\" role=\"presentation\" class=\"elementor-menu-toggle__icon--close eicon-close\"><\/i>\t\t<\/div>\n\t\t\t\t\t<nav class=\"elementor-nav-menu--dropdown elementor-nav-menu__container\" aria-hidden=\"true\">\n\t\t\t\t<ul id=\"menu-2-5f0f4eb7\" class=\"elementor-nav-menu\"><li class=\"menu-item menu-item-type-custom menu-item-object-custom menu-item-460\"><a href=\"https:\/\/web.euromedex.com\/de\/\" class=\"elementor-item\" tabindex=\"-1\">HOME<\/a><\/li>\n<li class=\"menu-item menu-item-type-custom menu-item-object-custom menu-item-509\"><a href=\"https:\/\/web.euromedex.com\/de\/uber-uns\/\" class=\"elementor-item\" tabindex=\"-1\">\u00dcBER UNS<\/a><\/li>\n<li class=\"menu-item menu-item-type-custom menu-item-object-custom menu-item-has-children menu-item-510\"><a class=\"elementor-item\" tabindex=\"-1\">LEISTUNGEN<\/a>\n<ul class=\"sub-menu elementor-nav-menu--dropdown\">\n\t<li class=\"menu-item menu-item-type-custom menu-item-object-custom menu-item-511\"><a href=\"https:\/\/web.euromedex.com\/de\/international-pharmaceutical-wholesaler\/\" class=\"elementor-sub-item\" tabindex=\"-1\">INTERNATIONAL PHARMACEUTICAL WHOLESALER<\/a><\/li>\n\t<li class=\"menu-item menu-item-type-custom menu-item-object-custom menu-item-512\"><a href=\"https:\/\/web.euromedex.com\/de\/pharmaceutical-export-development\/\" class=\"elementor-sub-item\" tabindex=\"-1\">PHARMACEUTICAL EXPORT DEVELOPMENT<\/a><\/li>\n\t<li class=\"menu-item menu-item-type-custom menu-item-object-custom menu-item-513\"><a href=\"https:\/\/web.euromedex.com\/de\/pharmacovigilance\/\" class=\"elementor-sub-item\" tabindex=\"-1\">PHARMACOVIGILANCE<\/a><\/li>\n\t<li class=\"menu-item menu-item-type-custom menu-item-object-custom menu-item-514\"><a href=\"https:\/\/web.euromedex.com\/de\/clinical-trial-logistic\/\" class=\"elementor-sub-item\" tabindex=\"-1\">CLINICAL TRIALS LOGISTIC<\/a><\/li>\n\t<li class=\"menu-item menu-item-type-custom menu-item-object-custom menu-item-515\"><a href=\"https:\/\/web.euromedex.com\/de\/life-science-products\/\" class=\"elementor-sub-item\" tabindex=\"-1\">LIFE SCIENCE PRODUCTS<\/a><\/li>\n<\/ul>\n<\/li>\n<li class=\"menu-item menu-item-type-custom menu-item-object-custom menu-item-550\"><a href=\"https:\/\/web.euromedex.com\/de\/nachrichten\/\" class=\"elementor-item\" tabindex=\"-1\">NEWS<\/a><\/li>\n<li class=\"menu-item menu-item-type-custom menu-item-object-custom menu-item-516\"><a href=\"https:\/\/web.euromedex.com\/de\/kontakt\/\" class=\"elementor-item\" tabindex=\"-1\">KONTAKT<\/a><\/li>\n<li class=\"menu-item menu-item-type-custom menu-item-object-custom menu-item-has-children menu-item-517\"><a class=\"elementor-item\" tabindex=\"-1\">e-SHOP<\/a>\n<ul class=\"sub-menu elementor-nav-menu--dropdown\">\n\t<li class=\"menu-item menu-item-type-custom menu-item-object-custom menu-item-518\"><a href=\"http:\/\/shop-euromedex.com\" class=\"elementor-sub-item\" tabindex=\"-1\">ARZNEIMITTEL UND GESUNDHEITSPRODUKTE<\/a><\/li>\n\t<li class=\"menu-item menu-item-type-custom menu-item-object-custom menu-item-519\"><a href=\"https:\/\/shopresearch.euromedex.com\/\" class=\"elementor-sub-item\" tabindex=\"-1\">FORSCHUNGSPRODUKTE<\/a><\/li>\n<\/ul>\n<\/li>\n<li class=\"menu-item wpml-ls-slot-2 wpml-ls-item wpml-ls-item-de wpml-ls-current-language wpml-ls-menu-item wpml-ls-last-item menu-item-type-wpml_ls_menu_item menu-item-object-wpml_ls_menu_item menu-item-has-children menu-item-wpml-ls-2-de\"><a href=\"https:\/\/web.euromedex.com\/de\/\" class=\"elementor-item\" tabindex=\"-1\"><img decoding=\"async\" class=\"wpml-ls-flag\" src=\"https:\/\/web.euromedex.com\/wp-content\/plugins\/sitepress-multilingual-cms\/res\/flags\/de.png\" alt=\"de\" title=\"Deutsch\"><\/a>\n<ul class=\"sub-menu elementor-nav-menu--dropdown\">\n\t<li class=\"menu-item wpml-ls-slot-2 wpml-ls-item wpml-ls-item-fr wpml-ls-menu-item wpml-ls-first-item menu-item-type-wpml_ls_menu_item menu-item-object-wpml_ls_menu_item menu-item-wpml-ls-2-fr\"><a href=\"https:\/\/web.euromedex.com\" class=\"elementor-sub-item\" tabindex=\"-1\"><img decoding=\"async\" class=\"wpml-ls-flag\" src=\"https:\/\/web.euromedex.com\/wp-content\/plugins\/sitepress-multilingual-cms\/res\/flags\/fr.png\" alt=\"fr\" title=\"Fran\u00e7ais\"><\/a><\/li>\n\t<li class=\"menu-item wpml-ls-slot-2 wpml-ls-item wpml-ls-item-en wpml-ls-menu-item menu-item-type-wpml_ls_menu_item menu-item-object-wpml_ls_menu_item menu-item-wpml-ls-2-en\"><a href=\"https:\/\/web.euromedex.com\/en\/\" class=\"elementor-sub-item\" tabindex=\"-1\"><img decoding=\"async\" class=\"wpml-ls-flag\" src=\"https:\/\/web.euromedex.com\/wp-content\/plugins\/sitepress-multilingual-cms\/res\/flags\/en.png\" alt=\"en\" title=\"English\"><\/a><\/li>\n<\/ul>\n<\/li>\n<\/ul>\t\t\t<\/nav>\n\t\t\t\t\t\t<\/div>\n\t\t\t\t<\/div>\n\t\t\t\t\t<\/div>\n\t\t<\/div>\n\t\t\t\t<div class=\"elementor-column elementor-col-25 elementor-top-column elementor-element elementor-element-5db0379\" data-id=\"5db0379\" data-element_type=\"column\" data-e-type=\"column\">\n\t\t\t<div class=\"elementor-widget-wrap\">\n\t\t\t\t\t\t\t<\/div>\n\t\t<\/div>\n\t\t\t\t\t<\/div>\n\t\t<\/section>\n\t\t\t\t<section class=\"elementor-section elementor-top-section elementor-element elementor-element-6aada6c1 elementor-section-full_width elementor-section-height-default elementor-section-height-default\" data-id=\"6aada6c1\" data-element_type=\"section\" data-e-type=\"section\">\n\t\t\t\t\t\t<div class=\"elementor-container elementor-column-gap-default\">\n\t\t\t\t\t<div class=\"elementor-column elementor-col-100 elementor-top-column elementor-element elementor-element-6e992376\" data-id=\"6e992376\" data-element_type=\"column\" data-e-type=\"column\">\n\t\t\t<div class=\"elementor-widget-wrap elementor-element-populated\">\n\t\t\t\t\t\t<div class=\"elementor-element elementor-element-7053994a elementor-widget elementor-widget-image\" data-id=\"7053994a\" data-element_type=\"widget\" data-e-type=\"widget\" data-widget_type=\"image.default\">\n\t\t\t\t<div class=\"elementor-widget-container\">\n\t\t\t\t\t\t\t\t\t\t\t\t\t\t\t<img decoding=\"async\" src=\"https:\/\/web.euromedex.com\/wp-content\/uploads\/elementor\/thumbs\/hd1142656981_0-1-nvru1gw9ah0wasvc071glqbtenb9nrz56kmwbfymxs.jpg\" title=\"hd1142656981_0 (1)\" alt=\"hd1142656981_0 (1)\" loading=\"lazy\" \/>\t\t\t\t\t\t\t\t\t\t\t\t\t\t\t<\/div>\n\t\t\t\t<\/div>\n\t\t\t\t<div class=\"elementor-element elementor-element-97afb43 elementor-widget elementor-widget-heading\" data-id=\"97afb43\" data-element_type=\"widget\" data-e-type=\"widget\" data-widget_type=\"heading.default\">\n\t\t\t\t<div class=\"elementor-widget-container\">\n\t\t\t\t\t<h2 class=\"elementor-heading-title elementor-size-default\">PHARMACEUTICAL EXPORT DEVELOPMENT<\/h2>\t\t\t\t<\/div>\n\t\t\t\t<\/div>\n\t\t\t\t\t<\/div>\n\t\t<\/div>\n\t\t\t\t\t<\/div>\n\t\t<\/section>\n\t\t\t\t<section class=\"elementor-section elementor-top-section elementor-element elementor-element-6557f86a elementor-section-boxed elementor-section-height-default elementor-section-height-default\" data-id=\"6557f86a\" data-element_type=\"section\" data-e-type=\"section\">\n\t\t\t\t\t\t<div class=\"elementor-container elementor-column-gap-default\">\n\t\t\t\t\t<div class=\"elementor-column elementor-col-66 elementor-top-column elementor-element elementor-element-6de70b09\" data-id=\"6de70b09\" data-element_type=\"column\" data-e-type=\"column\">\n\t\t\t<div class=\"elementor-widget-wrap elementor-element-populated\">\n\t\t\t\t\t\t<div class=\"elementor-element elementor-element-613a2da2 elementor-widget elementor-widget-text-editor\" data-id=\"613a2da2\" data-element_type=\"widget\" data-e-type=\"widget\" data-widget_type=\"text-editor.default\">\n\t\t\t\t<div class=\"elementor-widget-container\">\n\t\t\t\t\t\t\t\t\t<div class=\"lh-16\"><p>EUROMEDEX\u00a0bietet seinen Partnern an, das gesamte Risiko des Exports auf expansiven M\u00e4rkten zu tragen.<\/p><\/div><div class=\"paragraphs-items paragraphs-items-field-body paragraphs-items-field-body-full paragraphs-items-full\"><div class=\"field field-name-field-body field-type-paragraphs field-label-hidden\"><div class=\"field-items\"><div class=\"field-item even\"><div class=\"entity entity-paragraphs-item paragraphs-item-texte\"><div class=\"content lh-16\"><div class=\"field field-name-field-texte field-type-text-long field-label-hidden\"><div class=\"field-items\"><div class=\"field-item even\"><p>EUROMEDEX verf\u00fcgt \u00fcber Niederlassungen in mehreren mitteleurop\u00e4ischen L\u00e4ndern, in den GUS-Staaten, in Zentralasien und im Kaukasusgebiet.<\/p><p>EUROMEDEX hat Vertriebsagenturen in Rum\u00e4nien, der Ukraine, in Wei\u00dfrussland, Usbekistan, Kasachstan, Kirgisien, Tadschikistan, Turkmenistan, Georgien, Aserbaidschan, und in Armenien.<\/p><p>In diesen L\u00e4ndern vermarkten 120 Manager, Pharmaberater und Verwaltungsangestellte die\u00a0Arzneimittel, welche ihre Gesch\u00e4ftspartner der EUROMEDEX anvertraut haben Nach Ma\u00dfgabe der vereinbarten Bedingungen befasst sich EUROMEDEX mit:<\/p><p><strong><span style=\"color: #228acb;\">UNSERE EXPERTISE<\/span><\/strong><\/p><p>Gem\u00e4\u00df den vereinbarten Bedingungen und in \u00dcbereinstimmung mit den geltenden lokalen Rechtsvorschriften f\u00fchrt EUROMEDEX<\/p><ul><li class=\"rtejustify\">Marktstudien vor Produkteinf\u00fchrung.<\/li><li class=\"rtejustify\">Aufsichtsbeh\u00f6rdliche Ma\u00dfnahmen und Zulassung der Produkte.<\/li><li class=\"rtejustify\">Produktf\u00f6rderung.<\/li><li class=\"rtejustify\">Export von Frankreich aus und finanziell abgesicherter Verkauf der Produkte in den verschiedenen L\u00e4ndern.<\/li><\/ul><\/div><\/div><\/div><\/div><\/div><\/div><\/div><\/div><\/div>\t\t\t\t\t\t\t\t<\/div>\n\t\t\t\t<\/div>\n\t\t\t\t\t<\/div>\n\t\t<\/div>\n\t\t\t\t<div class=\"elementor-column elementor-col-33 elementor-top-column elementor-element elementor-element-df9a8af\" data-id=\"df9a8af\" data-element_type=\"column\" data-e-type=\"column\">\n\t\t\t<div class=\"elementor-widget-wrap elementor-element-populated\">\n\t\t\t\t\t\t<div class=\"elementor-element elementor-element-f13cb7f elementor-widget elementor-widget-wp-widget-custom_html\" data-id=\"f13cb7f\" data-element_type=\"widget\" data-e-type=\"widget\" data-widget_type=\"wp-widget-custom_html.default\">\n\t\t\t\t<div class=\"elementor-widget-container\">\n\t\t\t\t\t<div class=\"textwidget custom-html-widget\"><p style=\"background:#228ACB;color:#fff;background-size:100px 100px;padding:10px;text-align:center\">Contact<\/p>\r\n<p style=\"background:#EEEEEE;margin-top:-25px;color:#193D78;padding:25px\">Phone +33 (0)3 67 07 72 82<br \/><\/p><\/div>\t\t\t\t<\/div>\n\t\t\t\t<\/div>\n\t\t\t\t\t<\/div>\n\t\t<\/div>\n\t\t\t\t\t<\/div>\n\t\t<\/section>\n\t\t\t\t<section class=\"elementor-section elementor-top-section elementor-element elementor-element-1856596a elementor-section-boxed elementor-section-height-default elementor-section-height-default\" data-id=\"1856596a\" data-element_type=\"section\" data-e-type=\"section\">\n\t\t\t\t\t\t<div class=\"elementor-container elementor-column-gap-default\">\n\t\t\t\t\t<div class=\"elementor-column elementor-col-33 elementor-top-column elementor-element elementor-element-704cbafc\" data-id=\"704cbafc\" data-element_type=\"column\" data-e-type=\"column\">\n\t\t\t<div class=\"elementor-widget-wrap elementor-element-populated\">\n\t\t\t\t\t\t<div class=\"elementor-element elementor-element-4dcf3350 elementor-widget elementor-widget-heading\" data-id=\"4dcf3350\" data-element_type=\"widget\" data-e-type=\"widget\" data-widget_type=\"heading.default\">\n\t\t\t\t<div class=\"elementor-widget-container\">\n\t\t\t\t\t<p class=\"elementor-heading-title elementor-size-small\">DIRECT LINKS<\/p>\t\t\t\t<\/div>\n\t\t\t\t<\/div>\n\t\t\t\t<div class=\"elementor-element elementor-element-3ef84661 elementor-widget elementor-widget-text-editor\" data-id=\"3ef84661\" data-element_type=\"widget\" data-e-type=\"widget\" data-widget_type=\"text-editor.default\">\n\t\t\t\t<div class=\"elementor-widget-container\">\n\t\t\t\t\t\t\t\t\t<p style=\"border-top: 2px solid #E3E3E3; padding: 5px;\"><a href=\"https:\/\/web.euromedex.com\/de\/\">Home<\/a><a style=\"float: right;\" href=\"https:\/\/web.euromedex.com\/de\/uber-uns\/\">\u00dcber uns<\/a><\/p>\t\t\t\t\t\t\t\t<\/div>\n\t\t\t\t<\/div>\n\t\t\t\t\t<\/div>\n\t\t<\/div>\n\t\t\t\t<div class=\"elementor-column elementor-col-33 elementor-top-column elementor-element elementor-element-7339ed0a\" data-id=\"7339ed0a\" data-element_type=\"column\" data-e-type=\"column\">\n\t\t\t<div class=\"elementor-widget-wrap elementor-element-populated\">\n\t\t\t\t\t\t<div class=\"elementor-element elementor-element-49b4d95 elementor-widget elementor-widget-heading\" data-id=\"49b4d95\" data-element_type=\"widget\" data-e-type=\"widget\" data-widget_type=\"heading.default\">\n\t\t\t\t<div class=\"elementor-widget-container\">\n\t\t\t\t\t<p class=\"elementor-heading-title elementor-size-default\">KONTAKT<\/p>\t\t\t\t<\/div>\n\t\t\t\t<\/div>\n\t\t\t\t<div class=\"elementor-element elementor-element-6f447a34 elementor-widget elementor-widget-text-editor\" data-id=\"6f447a34\" data-element_type=\"widget\" data-e-type=\"widget\" data-widget_type=\"text-editor.default\">\n\t\t\t\t<div class=\"elementor-widget-container\">\n\t\t\t\t\t\t\t\t\t<p style=\"border-top: 2px solid #E3E3E3; padding: 5px;\">Euromedex<br \/>24 rue des tuileries<br \/>67460 Souffelweyersheim<br \/>France<\/p>\n<p><span style=\"float: right; margin-top: -155px; padding: 5px;\"><br \/><a href=\"https:\/\/web.euromedex.com\/de\/kontakt\/\">Kontakt aufnehmen<\/a><br \/><\/span><\/p>\n\t\t\t\t\t\t\t\t<\/div>\n\t\t\t\t<\/div>\n\t\t\t\t\t<\/div>\n\t\t<\/div>\n\t\t\t\t<div class=\"elementor-column elementor-col-33 elementor-top-column elementor-element elementor-element-29a9de49\" data-id=\"29a9de49\" data-element_type=\"column\" data-e-type=\"column\">\n\t\t\t<div class=\"elementor-widget-wrap elementor-element-populated\">\n\t\t\t\t\t\t<div class=\"elementor-element elementor-element-da85337 elementor-widget elementor-widget-heading\" data-id=\"da85337\" data-element_type=\"widget\" data-e-type=\"widget\" data-widget_type=\"heading.default\">\n\t\t\t\t<div class=\"elementor-widget-container\">\n\t\t\t\t\t<p class=\"elementor-heading-title elementor-size-default\">INFOS<\/p>\t\t\t\t<\/div>\n\t\t\t\t<\/div>\n\t\t\t\t<div class=\"elementor-element elementor-element-284bec83 elementor-widget elementor-widget-text-editor\" data-id=\"284bec83\" data-element_type=\"widget\" data-e-type=\"widget\" data-widget_type=\"text-editor.default\">\n\t\t\t\t<div class=\"elementor-widget-container\">\n\t\t\t\t\t\t\t\t\t<p style=\"border-top: 2px solid #E3E3E3; padding: 5px;\"><a href=\"\/?page_id=182\">Impressum &amp; Rechtliches<\/a><span style=\"float: right;\">Copyright \u00a9 Euromedex<\/span><\/p>\n\t\t\t\t\t\t\t\t<\/div>\n\t\t\t\t<\/div>\n\t\t\t\t\t<\/div>\n\t\t<\/div>\n\t\t\t\t\t<\/div>\n\t\t<\/section>\n\t\t\t\t<\/div>\n\t\t","protected":false},"excerpt":{"rendered":"<p>PHARMACEUTICAL EXPORT DEVELOPMENT EUROMEDEX\u00a0bietet seinen Partnern an, das gesamte Risiko des Exports auf expansiven M\u00e4rkten zu tragen. EUROMEDEX verf\u00fcgt \u00fcber Niederlassungen in mehreren mitteleurop\u00e4ischen L\u00e4ndern, in den GUS-Staaten, in Zentralasien und im Kaukasusgebiet. EUROMEDEX hat Vertriebsagenturen in Rum\u00e4nien, der Ukraine, in Wei\u00dfrussland, Usbekistan, Kasachstan, Kirgisien, Tadschikistan, Turkmenistan, Georgien, Aserbaidschan, und in Armenien. In diesen L\u00e4ndern &hellip; <\/p>\n<p class=\"link-more\"><a href=\"https:\/\/web.euromedex.com\/de\/pharmaceutical-export-development\/\" class=\"more-link\"><span class=\"screen-reader-text\">\u201ePHARMACEUTICAL EXPORT DEVELOPMENT\u201c <\/span>weiterlesen<\/a><\/p>\n","protected":false},"author":1,"featured_media":0,"parent":0,"menu_order":0,"comment_status":"closed","ping_status":"closed","template":"elementor_canvas","meta":{"footnotes":""},"class_list":["post-593","page","type-page","status-publish","hentry"],"_links":{"self":[{"href":"https:\/\/web.euromedex.com\/de\/wp-json\/wp\/v2\/pages\/593\/"}],"collection":[{"href":"https:\/\/web.euromedex.com\/de\/wp-json\/wp\/v2\/pages\/"}],"about":[{"href":"https:\/\/web.euromedex.com\/de\/wp-json\/wp\/v2\/types\/page\/"}],"author":[{"embeddable":true,"href":"https:\/\/web.euromedex.com\/de\/wp-json\/wp\/v2\/users\/1\/"}],"replies":[{"embeddable":true,"href":"https:\/\/web.euromedex.com\/de\/wp-json\/wp\/v2\/comments\/?post=593"}],"version-history":[{"count":29,"href":"https:\/\/web.euromedex.com\/de\/wp-json\/wp\/v2\/pages\/593\/revisions\/"}],"predecessor-version":[{"id":1162,"href":"https:\/\/web.euromedex.com\/de\/wp-json\/wp\/v2\/pages\/593\/revisions\/1162\/"}],"wp:attachment":[{"href":"https:\/\/web.euromedex.com\/de\/wp-json\/wp\/v2\/media\/?parent=593"}],"curies":[{"name":"wp","href":"https:\/\/api.w.org\/{rel}","templated":true}]}}